{"id":62,"date":"2019-08-17T22:57:12","date_gmt":"2019-08-17T20:57:12","guid":{"rendered":"https:\/\/www.uwe-johannsen.de\/wp1\/?page_id=62"},"modified":"2019-09-01T13:08:02","modified_gmt":"2019-09-01T11:08:02","slug":"about","status":"publish","type":"page","link":"https:\/\/www.uwe-johannsen.de\/wp1\/about\/","title":{"rendered":"about"},"content":{"rendered":"\t\t<div data-elementor-type=\"wp-post\" data-elementor-id=\"62\" class=\"elementor elementor-62\">\n\t\t\t\t\t\t<section class=\"elementor-section elementor-top-section elementor-element elementor-element-9cf3459 elementor-section-boxed elementor-section-height-default elementor-section-height-default\" data-id=\"9cf3459\" data-element_type=\"section\">\n\t\t\t\t\t\t<div class=\"elementor-container elementor-column-gap-default\">\n\t\t\t\t\t<div class=\"elementor-column elementor-col-100 elementor-top-column elementor-element elementor-element-474bf68\" data-id=\"474bf68\" data-element_type=\"column\">\n\t\t\t<div class=\"elementor-widget-wrap elementor-element-populated\">\n\t\t\t\t\t\t<div class=\"elementor-element elementor-element-f6fbf05 elementor-widget elementor-widget-heading\" data-id=\"f6fbf05\" data-element_type=\"widget\" data-widget_type=\"heading.default\">\n\t\t\t\t<div class=\"elementor-widget-container\">\n\t\t\t\t\t<h1 class=\"elementor-heading-title elementor-size-large\">uwe johannsen<\/h1>\t\t\t\t<\/div>\n\t\t\t\t<\/div>\n\t\t\t\t\t<\/div>\n\t\t<\/div>\n\t\t\t\t\t<\/div>\n\t\t<\/section>\n\t\t\t\t<section class=\"elementor-section elementor-top-section elementor-element elementor-element-99160e2 elementor-section-boxed elementor-section-height-default elementor-section-height-default\" data-id=\"99160e2\" data-element_type=\"section\">\n\t\t\t\t\t\t<div class=\"elementor-container elementor-column-gap-default\">\n\t\t\t\t\t<div class=\"elementor-column elementor-col-100 elementor-top-column elementor-element elementor-element-a44ef1e\" data-id=\"a44ef1e\" data-element_type=\"column\">\n\t\t\t<div class=\"elementor-widget-wrap elementor-element-populated\">\n\t\t\t\t\t\t<div class=\"elementor-element elementor-element-8757697 elementor-widget elementor-widget-text-editor\" data-id=\"8757697\" data-element_type=\"widget\" data-widget_type=\"text-editor.default\">\n\t\t\t\t<div class=\"elementor-widget-container\">\n\t\t\t\t\t\t\t\t\t<div><span class=\"bold\"><b>berufung:<\/b><\/span><\/div><div>berufsfotograf seit 2004<\/div><div>\u00a0<\/div><div><span class=\"bold\"><b>weltanschauung:<\/b><\/span><\/div><div>freigeist<\/div><div>\u00a0<\/div><div><span class=\"bold\"><b>leidenschaft:<\/b><\/span><\/div><div>fotografiert am liebsten menschen f\u00fcr mode, werbung, beauty, portrait, editorial, lingerie, fine art erotica, &#8230;stellt sich aber auch gerne anderen fotografischen herausforderungen<\/div><div>\u00a0<\/div><div><span class=\"bold\"><b>priorit\u00e4ten am set:<\/b><\/span><\/div><div>produktionssicherheit, teamwork, humor, ruhepol, realismus, klare ansagen<\/div>\t\t\t\t\t\t\t\t<\/div>\n\t\t\t\t<\/div>\n\t\t\t\t\t<\/div>\n\t\t<\/div>\n\t\t\t\t\t<\/div>\n\t\t<\/section>\n\t\t\t\t<section class=\"elementor-section elementor-top-section elementor-element elementor-element-16ddc26 elementor-section-stretched elementor-section-boxed elementor-section-height-default elementor-section-height-default\" data-id=\"16ddc26\" data-element_type=\"section\" data-settings=\"{&quot;stretch_section&quot;:&quot;section-stretched&quot;,&quot;background_background&quot;:&quot;classic&quot;}\">\n\t\t\t\t\t\t<div class=\"elementor-container elementor-column-gap-default\">\n\t\t\t\t\t<div class=\"elementor-column elementor-col-100 elementor-top-column elementor-element elementor-element-c29d134\" data-id=\"c29d134\" data-element_type=\"column\">\n\t\t\t<div class=\"elementor-widget-wrap elementor-element-populated\">\n\t\t\t\t\t\t<div class=\"elementor-element elementor-element-56120b0 elementor-widget elementor-widget-text-editor\" data-id=\"56120b0\" data-element_type=\"widget\" data-widget_type=\"text-editor.default\">\n\t\t\t\t<div class=\"elementor-widget-container\">\n\t\t\t\t\t\t\t\t\t<div><span class=\"bold\"><b>igedo fashion fairs d\u00fcsseldorf \/cpd \/ body look<\/b><\/span><br>&#8222;uwe johannsen sorgt in diesem sommer f\u00fcr das unverwechselbare erscheinungsbild der body look. beispielhaft ist johannsens gesp\u00fcr f\u00fcr die balance zwischen haut und textil. ein ideales key visual also f\u00fcr die messe und das aktuelle body look journal.&#8220;<\/div>\n<div>&nbsp;<\/div>\n<div><span class=\"bold\"><b>auszeichnung &#8211; canon profashional photo award<\/b><\/span><br>&#8222;&#8230;werbewirksame bilder gibt es reichlich. doch selten ist das ergebnis so \u00e4stetisch, wie bei der arbeit von uwe johannsen. der elegante schwung des k\u00f6rpers, das sanfte licht und das erotische schwarz der w\u00e4sche geben dem foto mehr als nur werbliche qualit\u00e4t&#8230;.&#8220;<\/div>\n<div>&nbsp;<\/div>\n<div><span class=\"bold\"><b>nude-photography-contest minolta europe<\/b><\/span><br>&#8222;this photo is convincing thanks to its perfect light setting and composition. uwe johannsen positioned his model perfectly in the frame. this image gains its interesting look from breaking with symmetry by turning the image slightly and as often in nude photography by the parts you can&#8217;t see. uwe johannsen wins our contest with this picture. he is a worthy winner for a difficult contest.&#8220;<\/div>\t\t\t\t\t\t\t\t<\/div>\n\t\t\t\t<\/div>\n\t\t\t\t\t<\/div>\n\t\t<\/div>\n\t\t\t\t\t<\/div>\n\t\t<\/section>\n\t\t\t\t<section class=\"elementor-section elementor-top-section elementor-element elementor-element-6bf5cfc elementor-section-boxed elementor-section-height-default elementor-section-height-default\" data-id=\"6bf5cfc\" data-element_type=\"section\">\n\t\t\t\t\t\t<div class=\"elementor-container elementor-column-gap-default\">\n\t\t\t\t\t<div class=\"elementor-column elementor-col-100 elementor-top-column elementor-element elementor-element-54c8ead\" data-id=\"54c8ead\" data-element_type=\"column\">\n\t\t\t<div class=\"elementor-widget-wrap elementor-element-populated\">\n\t\t\t\t\t\t<div class=\"elementor-element elementor-element-b2a4cf1 elementor-widget elementor-widget-image\" data-id=\"b2a4cf1\" data-element_type=\"widget\" data-widget_type=\"image.default\">\n\t\t\t\t<div class=\"elementor-widget-container\">\n\t\t\t\t\t\t\t\t\t\t\t\t\t\t\t<img fetchpriority=\"high\" decoding=\"async\" width=\"800\" height=\"607\" src=\"https:\/\/www.uwe-johannsen.de\/wp1\/wp-content\/uploads\/2019\/08\/uwe-johannsen-making-of.jpg\" class=\"attachment-full size-full wp-image-122\" alt=\"uwe johannsen beim fotoshooting\" srcset=\"https:\/\/www.uwe-johannsen.de\/wp1\/wp-content\/uploads\/2019\/08\/uwe-johannsen-making-of.jpg 800w, https:\/\/www.uwe-johannsen.de\/wp1\/wp-content\/uploads\/2019\/08\/uwe-johannsen-making-of-300x228.jpg 300w, https:\/\/www.uwe-johannsen.de\/wp1\/wp-content\/uploads\/2019\/08\/uwe-johannsen-making-of-768x583.jpg 768w\" sizes=\"(max-width: 800px) 100vw, 800px\" \/>\t\t\t\t\t\t\t\t\t\t\t\t\t\t\t<\/div>\n\t\t\t\t<\/div>\n\t\t\t\t\t<\/div>\n\t\t<\/div>\n\t\t\t\t\t<\/div>\n\t\t<\/section>\n\t\t\t\t<\/div>\n\t\t","protected":false},"excerpt":{"rendered":"<p>uwe johannsen berufung:berufsfotograf seit 2004&nbsp;weltanschauung:freigeist&nbsp;leidenschaft:fotografiert am liebsten menschen f\u00fcr mode, werbung, beauty, portrait, editorial, lingerie, fine art erotica, &#8230;stellt sich aber auch gerne anderen fotografischen herausforderungen&nbsp;priorit\u00e4ten am set:produktionssicherheit, teamwork, humor, ruhepol, realismus, klare ansagenigedo fashion fairs d\u00fcsseldorf \/cpd \/ body look &#8222;uwe johannsen sorgt in diesem sommer f\u00fcr das unverwechselbare erscheinungsbild der body look. beispielhaft ist johannsens gesp\u00fcr f\u00fcr die balance zwischen haut und textil. ein ideales key visual also f\u00fcr die messe und das aktuelle body look journal.&#8220; &nbsp; auszeichnung &#8211; canon profashional photo award &#8222;&#8230;werbewirksame bilder gibt es reichlich. doch selten ist das ergebnis so \u00e4stetisch, wie bei der arbeit von uwe johannsen. der elegante schwung des k\u00f6rpers, das sanfte licht und das erotische schwarz der w\u00e4sche geben dem foto mehr als nur werbliche qualit\u00e4t&#8230;.&#8220; &nbsp; nude-photography-contest minolta europe &#8222;this photo is convincing thanks to its perfect light setting and composition. uwe johannsen positioned his model perfectly in&hellip;<\/p>\n<p> <a class=\"more-link\" href=\"https:\/\/www.uwe-johannsen.de\/wp1\/about\/\">Weiterlesen<\/a><\/p>\n","protected":false},"author":1,"featured_media":0,"parent":0,"menu_order":0,"comment_status":"closed","ping_status":"closed","template":"","meta":{"footnotes":""},"class_list":["post-62","page","type-page","status-publish"],"_links":{"self":[{"href":"https:\/\/www.uwe-johannsen.de\/wp1\/wp-json\/wp\/v2\/pages\/62","targetHints":{"allow":["GET"]}}],"collection":[{"href":"https:\/\/www.uwe-johannsen.de\/wp1\/wp-json\/wp\/v2\/pages"}],"about":[{"href":"https:\/\/www.uwe-johannsen.de\/wp1\/wp-json\/wp\/v2\/types\/page"}],"author":[{"embeddable":true,"href":"https:\/\/www.uwe-johannsen.de\/wp1\/wp-json\/wp\/v2\/users\/1"}],"replies":[{"embeddable":true,"href":"https:\/\/www.uwe-johannsen.de\/wp1\/wp-json\/wp\/v2\/comments?post=62"}],"version-history":[{"count":17,"href":"https:\/\/www.uwe-johannsen.de\/wp1\/wp-json\/wp\/v2\/pages\/62\/revisions"}],"predecessor-version":[{"id":599,"href":"https:\/\/www.uwe-johannsen.de\/wp1\/wp-json\/wp\/v2\/pages\/62\/revisions\/599"}],"wp:attachment":[{"href":"https:\/\/www.uwe-johannsen.de\/wp1\/wp-json\/wp\/v2\/media?parent=62"}],"curies":[{"name":"wp","href":"https:\/\/api.w.org\/{rel}","templated":true}]}}