{"id":503,"date":"2019-08-31T13:51:18","date_gmt":"2019-08-31T11:51:18","guid":{"rendered":"https:\/\/www.uwe-johannsen.de\/wp1\/?page_id=503"},"modified":"2019-09-08T16:44:32","modified_gmt":"2019-09-08T14:44:32","slug":"business","status":"publish","type":"page","link":"https:\/\/www.uwe-johannsen.de\/wp1\/business\/","title":{"rendered":"gesch\u00e4ftskunden"},"content":{"rendered":"\t\t<div data-elementor-type=\"wp-post\" data-elementor-id=\"503\" class=\"elementor elementor-503\">\n\t\t\t\t\t\t<section class=\"elementor-section elementor-top-section elementor-element elementor-element-49c5054 elementor-section-boxed elementor-section-height-default elementor-section-height-default\" data-id=\"49c5054\" data-element_type=\"section\">\n\t\t\t\t\t\t<div class=\"elementor-container elementor-column-gap-default\">\n\t\t\t\t\t<div class=\"elementor-column elementor-col-100 elementor-top-column elementor-element elementor-element-c72aa20\" data-id=\"c72aa20\" data-element_type=\"column\">\n\t\t\t<div class=\"elementor-widget-wrap elementor-element-populated\">\n\t\t\t\t\t\t<div class=\"elementor-element elementor-element-ffb97ee elementor-widget elementor-widget-image\" data-id=\"ffb97ee\" data-element_type=\"widget\" data-widget_type=\"image.default\">\n\t\t\t\t<div class=\"elementor-widget-container\">\n\t\t\t\t\t\t\t\t\t\t\t\t\t\t\t<img fetchpriority=\"high\" decoding=\"async\" width=\"1024\" height=\"611\" src=\"https:\/\/www.uwe-johannsen.de\/wp1\/wp-content\/uploads\/2019\/08\/business-2a.jpg\" class=\"attachment-full size-full wp-image-544\" alt=\"business mode produkt food modefotografie\" srcset=\"https:\/\/www.uwe-johannsen.de\/wp1\/wp-content\/uploads\/2019\/08\/business-2a.jpg 1024w, https:\/\/www.uwe-johannsen.de\/wp1\/wp-content\/uploads\/2019\/08\/business-2a-300x179.jpg 300w, https:\/\/www.uwe-johannsen.de\/wp1\/wp-content\/uploads\/2019\/08\/business-2a-768x458.jpg 768w\" sizes=\"(max-width: 1024px) 100vw, 1024px\" \/>\t\t\t\t\t\t\t\t\t\t\t\t\t\t\t<\/div>\n\t\t\t\t<\/div>\n\t\t\t\t\t<\/div>\n\t\t<\/div>\n\t\t\t\t\t<\/div>\n\t\t<\/section>\n\t\t\t\t<section class=\"elementor-section elementor-top-section elementor-element elementor-element-235ed85 elementor-section-boxed elementor-section-height-default elementor-section-height-default\" data-id=\"235ed85\" data-element_type=\"section\">\n\t\t\t\t\t\t<div class=\"elementor-container elementor-column-gap-default\">\n\t\t\t\t\t<div class=\"elementor-column elementor-col-100 elementor-top-column elementor-element elementor-element-89d48fa\" data-id=\"89d48fa\" data-element_type=\"column\">\n\t\t\t<div class=\"elementor-widget-wrap elementor-element-populated\">\n\t\t\t\t\t\t<div class=\"elementor-element elementor-element-90f4147 elementor-widget elementor-widget-heading\" data-id=\"90f4147\" data-element_type=\"widget\" data-widget_type=\"heading.default\">\n\t\t\t\t<div class=\"elementor-widget-container\">\n\t\t\t\t\t<h1 class=\"elementor-heading-title elementor-size-default\">informationen f\u00fcr gesch\u00e4ftskunden<\/h1>\t\t\t\t<\/div>\n\t\t\t\t<\/div>\n\t\t\t\t\t<\/div>\n\t\t<\/div>\n\t\t\t\t\t<\/div>\n\t\t<\/section>\n\t\t\t\t<section class=\"elementor-section elementor-top-section elementor-element elementor-element-468d3fd elementor-section-boxed elementor-section-height-default elementor-section-height-default\" data-id=\"468d3fd\" data-element_type=\"section\">\n\t\t\t\t\t\t<div class=\"elementor-container elementor-column-gap-default\">\n\t\t\t\t\t<div class=\"elementor-column elementor-col-100 elementor-top-column elementor-element elementor-element-3948811\" data-id=\"3948811\" data-element_type=\"column\">\n\t\t\t<div class=\"elementor-widget-wrap elementor-element-populated\">\n\t\t\t\t\t\t<div class=\"elementor-element elementor-element-54a8425 elementor-widget elementor-widget-text-editor\" data-id=\"54a8425\" data-element_type=\"widget\" data-widget_type=\"text-editor.default\">\n\t\t\t\t<div class=\"elementor-widget-container\">\n\t\t\t\t\t\t\t\t\t<p>mein fotografischer schwerpunkt liegt auf allem was mit menschen zu tun hat, wie mode, werbung, beauty, portrait, editorial, lingerie etc.<br \/>urspr\u00fcnglich hab ich allerdings meine fotografische laufbahn im bereich produktfotografie und industriefotografie begonnen. daher verf\u00fcge ich hier ebenfalls \u00fcber viel erfahrung und arbeite aktuell immer noch gern in diesem bereich, insbesondere f\u00fcr meine stammkunden.<br \/>da ich mich gerne herausforderungen stelle, hab ich in den vielen jahren als fotograf know how und erfahrungen sammeln k\u00f6nnen, die ein recht breites spektrum abdecken. das reicht von werbeaufnahmen f\u00fcr regionale mittelst\u00e4ndische unternehmen bis zu auftr\u00e4gen wie dem erstellen von portraits aller weltweit aktiven CEO und topmanager von huawei technologies oder major events von SAP, dz bank, uvm.<br \/>erw\u00e4hnenswert ist auch, dass ich viele jahre als trainer, referent und medienautor im bereich schulung und fortbildung f\u00fcr fotografen t\u00e4tig war. sie k\u00f6nnen bei mir also von einem soliden fotografischen fachwissen ausgehen.<\/p><p>produktionssicherheit und das realistische einsch\u00e4tzen von budget und zeit stehen f\u00fcr mich bei der zusammenarbeit mit business-kunden im vordergrund. ich kann mit ruhigem gewissen sagen, dass mit mir bisher noch kein kunde dinge, wie nicht eingehaltene deadlines, sprengung des budgetrahmens, in den sand gesetzte fotoproduktionen oder \u00e4hnliches erlebt hat.<br \/>was bildnutzungsrechte, preisgestaltung, etc. betrifft, k\u00f6nnen sie davon ausgehen, dass wir immer eine stressfreie und unkomplizierte l\u00f6sung finden, mit der sie gut klar kommen.<\/p><p>wenn sie also einen fotografen f\u00fcr ihre kommerzielle fotoproduktion suchen, dann lassen sie uns am besten in einem unverbindlichen, pers\u00f6nlichen gespr\u00e4ch alle wichtigen punkte kl\u00e4ren. ich freue mich auf ihren <a href=\"https:\/\/www.uwe-johannsen.de\/wp1\/impressum\/\">anruf oder ihre e-mail<\/a>.<\/p>\t\t\t\t\t\t\t\t<\/div>\n\t\t\t\t<\/div>\n\t\t\t\t\t<\/div>\n\t\t<\/div>\n\t\t\t\t\t<\/div>\n\t\t<\/section>\n\t\t\t\t<section class=\"elementor-section elementor-top-section elementor-element elementor-element-cf573f1 elementor-section-boxed elementor-section-height-default elementor-section-height-default\" data-id=\"cf573f1\" data-element_type=\"section\">\n\t\t\t\t\t\t<div class=\"elementor-container elementor-column-gap-default\">\n\t\t\t\t\t<div class=\"elementor-column elementor-col-100 elementor-top-column elementor-element elementor-element-1562220\" data-id=\"1562220\" data-element_type=\"column\">\n\t\t\t<div class=\"elementor-widget-wrap elementor-element-populated\">\n\t\t\t\t\t\t<div class=\"elementor-element elementor-element-ffe2f04 elementor-widget elementor-widget-image\" data-id=\"ffe2f04\" data-element_type=\"widget\" data-widget_type=\"image.default\">\n\t\t\t\t<div class=\"elementor-widget-container\">\n\t\t\t\t\t\t\t\t\t\t\t\t\t\t\t<img decoding=\"async\" width=\"1024\" height=\"611\" src=\"https:\/\/www.uwe-johannsen.de\/wp1\/wp-content\/uploads\/2019\/08\/business-1.jpg\" class=\"attachment-full size-full wp-image-540\" alt=\"business industrie sport produkt werbefotografie\" srcset=\"https:\/\/www.uwe-johannsen.de\/wp1\/wp-content\/uploads\/2019\/08\/business-1.jpg 1024w, https:\/\/www.uwe-johannsen.de\/wp1\/wp-content\/uploads\/2019\/08\/business-1-300x179.jpg 300w, https:\/\/www.uwe-johannsen.de\/wp1\/wp-content\/uploads\/2019\/08\/business-1-768x458.jpg 768w\" sizes=\"(max-width: 1024px) 100vw, 1024px\" \/>\t\t\t\t\t\t\t\t\t\t\t\t\t\t\t<\/div>\n\t\t\t\t<\/div>\n\t\t\t\t\t<\/div>\n\t\t<\/div>\n\t\t\t\t\t<\/div>\n\t\t<\/section>\n\t\t\t\t<\/div>\n\t\t","protected":false},"excerpt":{"rendered":"<p>informationen f\u00fcr gesch\u00e4ftskunden mein fotografischer schwerpunkt liegt auf allem was mit menschen zu tun hat, wie mode, werbung, beauty, portrait, editorial, lingerie etc.urspr\u00fcnglich hab ich allerdings meine fotografische laufbahn im bereich produktfotografie und industriefotografie begonnen. daher verf\u00fcge ich hier ebenfalls \u00fcber viel erfahrung und arbeite aktuell immer noch gern in diesem bereich, insbesondere f\u00fcr meine stammkunden.da ich mich gerne herausforderungen stelle, hab ich in den vielen jahren als fotograf know how und erfahrungen sammeln k\u00f6nnen, die ein recht breites spektrum abdecken. das reicht von werbeaufnahmen f\u00fcr regionale mittelst\u00e4ndische unternehmen bis zu auftr\u00e4gen wie dem erstellen von portraits aller weltweit aktiven CEO und topmanager von huawei technologies oder major events von SAP, dz bank, uvm.erw\u00e4hnenswert ist auch, dass ich viele jahre als trainer, referent und medienautor im bereich schulung und fortbildung f\u00fcr fotografen t\u00e4tig war. sie k\u00f6nnen bei mir also von einem soliden fotografischen fachwissen ausgehen. produktionssicherheit und das realistische einsch\u00e4tzen&hellip;<\/p>\n<p> <a class=\"more-link\" href=\"https:\/\/www.uwe-johannsen.de\/wp1\/business\/\">Weiterlesen<\/a><\/p>\n","protected":false},"author":1,"featured_media":0,"parent":0,"menu_order":0,"comment_status":"closed","ping_status":"closed","template":"","meta":{"footnotes":""},"class_list":["post-503","page","type-page","status-publish"],"_links":{"self":[{"href":"https:\/\/www.uwe-johannsen.de\/wp1\/wp-json\/wp\/v2\/pages\/503","targetHints":{"allow":["GET"]}}],"collection":[{"href":"https:\/\/www.uwe-johannsen.de\/wp1\/wp-json\/wp\/v2\/pages"}],"about":[{"href":"https:\/\/www.uwe-johannsen.de\/wp1\/wp-json\/wp\/v2\/types\/page"}],"author":[{"embeddable":true,"href":"https:\/\/www.uwe-johannsen.de\/wp1\/wp-json\/wp\/v2\/users\/1"}],"replies":[{"embeddable":true,"href":"https:\/\/www.uwe-johannsen.de\/wp1\/wp-json\/wp\/v2\/comments?post=503"}],"version-history":[{"count":8,"href":"https:\/\/www.uwe-johannsen.de\/wp1\/wp-json\/wp\/v2\/pages\/503\/revisions"}],"predecessor-version":[{"id":602,"href":"https:\/\/www.uwe-johannsen.de\/wp1\/wp-json\/wp\/v2\/pages\/503\/revisions\/602"}],"wp:attachment":[{"href":"https:\/\/www.uwe-johannsen.de\/wp1\/wp-json\/wp\/v2\/media?parent=503"}],"curies":[{"name":"wp","href":"https:\/\/api.w.org\/{rel}","templated":true}]}}