{"id":501,"date":"2019-08-31T17:03:12","date_gmt":"2019-08-31T15:03:12","guid":{"rendered":"https:\/\/www.uwe-johannsen.de\/wp1\/?page_id=501"},"modified":"2019-08-31T20:14:58","modified_gmt":"2019-08-31T18:14:58","slug":"infos-business-privatkunden-models","status":"publish","type":"page","link":"https:\/\/www.uwe-johannsen.de\/wp1\/infos-business-privatkunden-models\/","title":{"rendered":"infos"},"content":{"rendered":"\t\t<div data-elementor-type=\"wp-post\" data-elementor-id=\"501\" class=\"elementor elementor-501\">\n\t\t\t\t\t\t<section class=\"elementor-section elementor-top-section elementor-element elementor-element-b1fc793 elementor-section-boxed elementor-section-height-default elementor-section-height-default\" data-id=\"b1fc793\" data-element_type=\"section\">\n\t\t\t\t\t\t<div class=\"elementor-container elementor-column-gap-default\">\n\t\t\t\t\t<div class=\"elementor-column elementor-col-33 elementor-top-column elementor-element elementor-element-c811040\" data-id=\"c811040\" data-element_type=\"column\">\n\t\t\t<div class=\"elementor-widget-wrap elementor-element-populated\">\n\t\t\t\t\t\t<div class=\"elementor-element elementor-element-5ff5486 elementor-position-top elementor-widget elementor-widget-image-box\" data-id=\"5ff5486\" data-element_type=\"widget\" data-widget_type=\"image-box.default\">\n\t\t\t\t<div class=\"elementor-widget-container\">\n\t\t\t\t\t<div class=\"elementor-image-box-wrapper\"><figure class=\"elementor-image-box-img\"><a href=\"https:\/\/www.uwe-johannsen.de\/wp1\/business\/\" tabindex=\"-1\"><img fetchpriority=\"high\" decoding=\"async\" width=\"550\" height=\"825\" src=\"https:\/\/www.uwe-johannsen.de\/wp1\/wp-content\/uploads\/2019\/08\/business-mode-uj5d414925.jpg\" class=\"attachment-full size-full wp-image-555\" alt=\"mode editorial katalog\" srcset=\"https:\/\/www.uwe-johannsen.de\/wp1\/wp-content\/uploads\/2019\/08\/business-mode-uj5d414925.jpg 550w, https:\/\/www.uwe-johannsen.de\/wp1\/wp-content\/uploads\/2019\/08\/business-mode-uj5d414925-200x300.jpg 200w\" sizes=\"(max-width: 550px) 100vw, 550px\" \/><\/a><\/figure><div class=\"elementor-image-box-content\"><h1 class=\"elementor-image-box-title\"><a href=\"https:\/\/www.uwe-johannsen.de\/wp1\/business\/\">infos f\u00fcr gesch\u00e4ftskunden<\/a><\/h1><\/div><\/div>\t\t\t\t<\/div>\n\t\t\t\t<\/div>\n\t\t\t\t\t<\/div>\n\t\t<\/div>\n\t\t\t\t<div class=\"elementor-column elementor-col-33 elementor-top-column elementor-element elementor-element-f09e450\" data-id=\"f09e450\" data-element_type=\"column\">\n\t\t\t<div class=\"elementor-widget-wrap elementor-element-populated\">\n\t\t\t\t\t\t<div class=\"elementor-element elementor-element-1c4351e elementor-position-top elementor-widget elementor-widget-image-box\" data-id=\"1c4351e\" data-element_type=\"widget\" data-widget_type=\"image-box.default\">\n\t\t\t\t<div class=\"elementor-widget-container\">\n\t\t\t\t\t<div class=\"elementor-image-box-wrapper\"><figure class=\"elementor-image-box-img\"><a href=\"https:\/\/www.uwe-johannsen.de\/wp1\/privatkunden-portrait-hochzeit-erotik\/\" tabindex=\"-1\"><img decoding=\"async\" width=\"427\" height=\"640\" src=\"https:\/\/www.uwe-johannsen.de\/wp1\/wp-content\/uploads\/2019\/08\/privat-hochzeit-ujdsII150144.jpg\" class=\"attachment-full size-full wp-image-554\" alt=\"braut hochzeit privat\" srcset=\"https:\/\/www.uwe-johannsen.de\/wp1\/wp-content\/uploads\/2019\/08\/privat-hochzeit-ujdsII150144.jpg 427w, https:\/\/www.uwe-johannsen.de\/wp1\/wp-content\/uploads\/2019\/08\/privat-hochzeit-ujdsII150144-200x300.jpg 200w\" sizes=\"(max-width: 427px) 100vw, 427px\" \/><\/a><\/figure><div class=\"elementor-image-box-content\"><h1 class=\"elementor-image-box-title\"><a href=\"https:\/\/www.uwe-johannsen.de\/wp1\/privatkunden-portrait-hochzeit-erotik\/\">infos f\u00fcr privatkunden<\/a><\/h1><\/div><\/div>\t\t\t\t<\/div>\n\t\t\t\t<\/div>\n\t\t\t\t\t<\/div>\n\t\t<\/div>\n\t\t\t\t<div class=\"elementor-column elementor-col-33 elementor-top-column elementor-element elementor-element-df619bc\" data-id=\"df619bc\" data-element_type=\"column\">\n\t\t\t<div class=\"elementor-widget-wrap elementor-element-populated\">\n\t\t\t\t\t\t<div class=\"elementor-element elementor-element-14a70ea elementor-position-top elementor-widget elementor-widget-image-box\" data-id=\"14a70ea\" data-element_type=\"widget\" data-widget_type=\"image-box.default\">\n\t\t\t\t<div class=\"elementor-widget-container\">\n\t\t\t\t\t<div class=\"elementor-image-box-wrapper\"><figure class=\"elementor-image-box-img\"><a href=\"https:\/\/www.uwe-johannsen.de\/wp1\/models\/\" tabindex=\"-1\"><img decoding=\"async\" width=\"427\" height=\"640\" src=\"https:\/\/www.uwe-johannsen.de\/wp1\/wp-content\/uploads\/2019\/08\/editorial-ujdsII94124.jpg\" class=\"attachment-full size-full wp-image-296\" alt=\"editorial portrait\" srcset=\"https:\/\/www.uwe-johannsen.de\/wp1\/wp-content\/uploads\/2019\/08\/editorial-ujdsII94124.jpg 427w, https:\/\/www.uwe-johannsen.de\/wp1\/wp-content\/uploads\/2019\/08\/editorial-ujdsII94124-200x300.jpg 200w\" sizes=\"(max-width: 427px) 100vw, 427px\" \/><\/a><\/figure><div class=\"elementor-image-box-content\"><h1 class=\"elementor-image-box-title\"><a href=\"https:\/\/www.uwe-johannsen.de\/wp1\/models\/\">infos f\u00fcr models und makeup artists<\/a><\/h1><\/div><\/div>\t\t\t\t<\/div>\n\t\t\t\t<\/div>\n\t\t\t\t\t<\/div>\n\t\t<\/div>\n\t\t\t\t\t<\/div>\n\t\t<\/section>\n\t\t\t\t<\/div>\n\t\t","protected":false},"excerpt":{"rendered":"<p>infos f\u00fcr gesch\u00e4ftskunden infos f\u00fcr privatkunden infos f\u00fcr models und makeup artists<\/p>\n","protected":false},"author":1,"featured_media":0,"parent":0,"menu_order":0,"comment_status":"closed","ping_status":"closed","template":"","meta":{"footnotes":""},"class_list":["post-501","page","type-page","status-publish"],"_links":{"self":[{"href":"https:\/\/www.uwe-johannsen.de\/wp1\/wp-json\/wp\/v2\/pages\/501","targetHints":{"allow":["GET"]}}],"collection":[{"href":"https:\/\/www.uwe-johannsen.de\/wp1\/wp-json\/wp\/v2\/pages"}],"about":[{"href":"https:\/\/www.uwe-johannsen.de\/wp1\/wp-json\/wp\/v2\/types\/page"}],"author":[{"embeddable":true,"href":"https:\/\/www.uwe-johannsen.de\/wp1\/wp-json\/wp\/v2\/users\/1"}],"replies":[{"embeddable":true,"href":"https:\/\/www.uwe-johannsen.de\/wp1\/wp-json\/wp\/v2\/comments?post=501"}],"version-history":[{"count":8,"href":"https:\/\/www.uwe-johannsen.de\/wp1\/wp-json\/wp\/v2\/pages\/501\/revisions"}],"predecessor-version":[{"id":579,"href":"https:\/\/www.uwe-johannsen.de\/wp1\/wp-json\/wp\/v2\/pages\/501\/revisions\/579"}],"wp:attachment":[{"href":"https:\/\/www.uwe-johannsen.de\/wp1\/wp-json\/wp\/v2\/media?parent=501"}],"curies":[{"name":"wp","href":"https:\/\/api.w.org\/{rel}","templated":true}]}}